{"id":267,"date":"2017-08-14T13:51:30","date_gmt":"2017-08-14T11:51:30","guid":{"rendered":"http:\/\/ueff.se\/?page_id=267"},"modified":"2025-11-21T09:28:50","modified_gmt":"2025-11-21T08:28:50","slug":"information","status":"publish","type":"page","link":"https:\/\/ueff.se\/en\/information\/","title":{"rendered":"Ticket Information"},"content":{"rendered":"<p>During the six days of Ume\u00e5 Film Festival, we offer film screenings at several different venues around Ume\u00e5. If you find it confusing to know how to buy a ticket for a screening, please contact us at info@ueff.se<br \/>\n and we\u2019ll help you out. Below is information about how to buy your ticket, when to collect booked tickets, and how our stamp card works.<br \/>\n&nbsp;<br \/>\n&nbsp;<br \/>\n<a href=\"https:\/\/ueff.se\/en\/forandringar-i-programmet-2025\/\">View changes in our program here<br \/>\n&nbsp;<br \/>\n&nbsp;<br \/>\n&nbsp;<br \/>\n<strong>Tickets<\/strong><br \/>\n\u2013 Buy online: At ueff.se, click \u201cticket\u201d in the schedule or in a film\u2019s information page. You\u2019ll be redirected to bio.se, where you complete your purchase (your ticket will be sent to your email).<br \/>\n\u2013 Buy on site: At Folkets Bio Ume\u00e5 (Level 4, V\u00e4ven) from the program release date, or V\u00e4venscenen (Level 1) during the festival.<\/p>\n<p>&nbsp;<br \/>\n&nbsp;<br \/>\n<strong>Ticket Prices<\/strong><br \/>\n<strong>Regular ticket:<\/strong> 100\u2013120 SEK | Reduced ticket: 85\u2013105 SEK*<br \/>\n<strong>Five Films Card:<\/strong> 450 SEK<br \/>\n<strong>Children\u2019s films:<\/strong> 50\u201380 SEK<br \/>\n<strong>Opening film: It Was Just an Accident<\/strong>  180 SEK | Reduced: 160 SEK*<br \/>\n<strong>Sing Along: Jesus Christ Superstar<\/strong>  150 SEK | Stage Pass: 130 SEK | Reduced: 130 SEK*<br \/>\n<strong>Silent film concert With Ackja and Reindeer in Inka L\u00e4ntha\u2019s Winter Land<\/strong> 250 SEK | Stage Pass: 220 SEK | Reduced: 220 SEK*<br \/>\n<strong>Dinner and a Movie: Vermiglio<\/strong> 800 SEK<br \/>\n<strong>Eraserhead Xiu Xiu  <\/strong>249 SEK | Concert + film screening: 275 SEK | Stage Pass\/Folkets Bio Member: 195 SEK | Reduced: 195 SEK<br \/>\n<strong>Curiosum: <\/strong>80\u2013130 SEK | Reduced: 60\u2013110 SEK* | Children always go free at Curiosum<\/p>\n<p><em>* Reduced tickets apply to students, seniors, unemployed persons, and youth up to and including 20 years old, with valid ID.<br \/>\n** The Five Films Card is valid only for regular screenings, children\u2019s films, and the silent film concert. It does not apply to Sing Along, Dinner and a Movie, Eraserhead Xiu Xiu, With Ackja and Reindeer in Inka L\u00e4ntha\u2019s Winter Land, or the opening film. You can only collect one ticket per screening. Present your card at any festival box office to have it stamped and receive your ticket.<\/em><\/p>\n<p>&nbsp;<br \/>\n&nbsp;<br \/>\n<strong>Important Information<\/strong><br \/>\n\u2013 Booked tickets must be collected no later than 30 minutes before the screening, otherwise your seat will be released.<br \/>\n\u2013 Last Minute: For sold-out screenings, any unclaimed tickets will be sold at the door shortly before start time (Swish payment).<br \/>\n\u2013 Free tickets &#038; Five Films Card: Collect your ticket at the box office and show your card\/free ticket as payment. The Five Films Card is not valid for the opening film, Dinner and a Movie, Eraserhead Xiu Xiu, or the silent film concert.<br \/>\n\u2013 Cineville cards are valid for selected screenings during the festival week!<br \/>\n&nbsp;<br \/>\n&nbsp;<\/p>\n<p><strong>Five Films Card<\/strong><br \/>\nDuring the festival, you can purchase the Five Films Card at the Folkets Bio Ume\u00e5 box office. After buying it, you can show the card at a festival box office as payment for the film you want to see. It cannot be used for online purchases\u2014you\u2019ll need to reserve your seat and collect the ticket in person. The card is not valid for the opening film, Dinner and a Movie, Eraserhead Xiu Xiu, or With Ackja and Reindeer in Inka L\u00e4ntha\u2019s Winter Land.<\/p>\n<p>&nbsp;<br \/>\n&nbsp;<br \/>\n<strong>Cineville<\/strong><br \/>\nCineville is a subscription that gives you unlimited cinema visits for just 295 SEK\/month (250 SEK if you\u2019re under 28). Folkets Bio Ume\u00e5 (who runs Ume\u00e5 Filmfestival) is the newest member of Cineville, now available at 23 cinemas across Sweden. We\u2019re giving the card a great start\u2014it\u2019s valid for selected screenings at the Ume\u00e5 Film Festival! Learn more and get your card at <a href=\"http:\/\/cinevillebio.se\" rel=\"noopener\" target=\"_blank\">cinevillebio.se<\/a>.<\/p>\n<p>&nbsp;<br \/>\n&nbsp;<br \/>\n<strong>Draken Film<\/strong><br \/>\nUme\u00e5 Film Festival collaborates with Draken Film to offer a digital festival pass featuring selected titles from the Perspectives from the North section. A digital festival pass costs 199 SEK and gives you access to the films for two weeks, from Dec 1\u201314. Read more at <a href=\"http:\/\/drakenfilm.se\/ueff\" rel=\"noopener\" target=\"_blank\">drakenfilm.se\/ueff<\/a>.<\/p>\n<p>&nbsp;<br \/>\n&nbsp;<br \/>\n<strong>Age Limit<\/strong><br \/>\nSince many of the films shown during the festival have not gone through the official Swedish age rating process, there is a general age limit of 15 years. Exceptions apply for children\u2019s and youth films, as well as certain titles and events.<\/p>\n<p>&nbsp;<br \/>\n&nbsp;<br \/>\n<strong>Refunds<\/strong><br \/>\nPurchased tickets are non-refundable and cannot be exchanged. If a screening is canceled, you will receive a replacement ticket for another screening. Refunds are not possible.<\/p>\n<p>&nbsp;<br \/>\n&nbsp;<br \/>\n<strong>Accreditation<\/strong><br \/>\nIf you study film or work in the film industry, you can apply for festival accreditation. Pick up your accreditation badge at the accreditation desk at Folkets Bio Ume\u00e5 (Level 4, Kulturhuset V\u00e4ven). <a href=\"https:\/\/ueff.se\/nyheter\/sok-ackreditering\/\">Read more<\/a>.<\/p>\n<p>&nbsp;<br \/>\n&nbsp;<br \/>\n<strong>Screening Venues<\/strong><br \/>\n<a href=\"https:\/\/ueff.se\/festivalkarta\/\">See the festival map.<\/a><\/p>","protected":false},"excerpt":{"rendered":"<p>During the six days of Ume\u00e5 Film Festival, we offer film screenings at several different venues around Ume\u00e5. If you find it confusing to know how to buy a ticket for a screening, please contact us at info@ueff.se and we\u2019ll help you out. Below is information about how to buy your ticket, when to collect [&hellip;]<\/p>\n","protected":false},"author":7,"featured_media":0,"parent":0,"menu_order":2,"comment_status":"closed","ping_status":"closed","template":"","meta":{"_acf_changed":false,"_exactmetrics_skip_tracking":false,"_exactmetrics_sitenote_active":false,"_exactmetrics_sitenote_note":"","_exactmetrics_sitenote_category":0,"footnotes":"","_links_to":"","_links_to_target":""},"class_list":["post-267","page","type-page","status-publish","hentry"],"acf":[],"yoast_head":"<!-- This site is optimized with the Yoast SEO plugin v25.6 - https:\/\/yoast.com\/wordpress\/plugins\/seo\/ -->\n<title>Ticket Information - Ume\u00e5 Film Festival<\/title>\n<meta name=\"robots\" content=\"index, follow, max-snippet:-1, max-image-preview:large, max-video-preview:-1\" \/>\n<link rel=\"canonical\" href=\"https:\/\/ueff.se\/en\/information\/\" \/>\n<meta property=\"og:locale\" content=\"en_US\" \/>\n<meta property=\"og:type\" content=\"article\" \/>\n<meta property=\"og:title\" content=\"Ticket Information - Ume\u00e5 Film Festival\" \/>\n<meta property=\"og:description\" content=\"During the six days of Ume\u00e5 Film Festival, we offer film screenings at several different venues around Ume\u00e5. If you find it confusing to know how to buy a ticket for a screening, please contact us at info@ueff.se and we\u2019ll help you out. Below is information about how to buy your ticket, when to collect [&hellip;]\" \/>\n<meta property=\"og:url\" content=\"https:\/\/ueff.se\/information\/\" \/>\n<meta property=\"og:site_name\" content=\"Ume\u00e5 Film Festival\" \/>\n<meta property=\"article:modified_time\" content=\"2025-11-21T08:28:50+00:00\" \/>\n<meta property=\"og:image\" content=\"https:\/\/ueff.se\/wp-content\/uploads\/2021\/02\/visning-ueff-1.jpg\" \/>\n\t<meta property=\"og:image:width\" content=\"1240\" \/>\n\t<meta property=\"og:image:height\" content=\"827\" \/>\n\t<meta property=\"og:image:type\" content=\"image\/jpeg\" \/>\n<meta name=\"twitter:card\" content=\"summary_large_image\" \/>\n<meta name=\"twitter:label1\" content=\"Est. reading time\" \/>\n\t<meta name=\"twitter:data1\" content=\"4 minutes\" \/>\n<script type=\"application\/ld+json\" class=\"yoast-schema-graph\">{\"@context\":\"https:\/\/schema.org\",\"@graph\":[{\"@type\":\"WebPage\",\"@id\":\"https:\/\/ueff.se\/information\/\",\"url\":\"https:\/\/ueff.se\/information\/\",\"name\":\"Ticket Information - Ume\u00e5 Film Festival\",\"isPartOf\":{\"@id\":\"https:\/\/ueff.se\/#website\"},\"datePublished\":\"2017-08-14T11:51:30+00:00\",\"dateModified\":\"2025-11-21T08:28:50+00:00\",\"breadcrumb\":{\"@id\":\"https:\/\/ueff.se\/information\/#breadcrumb\"},\"inLanguage\":\"en-US\",\"potentialAction\":[{\"@type\":\"ReadAction\",\"target\":[\"https:\/\/ueff.se\/information\/\"]}]},{\"@type\":\"BreadcrumbList\",\"@id\":\"https:\/\/ueff.se\/information\/#breadcrumb\",\"itemListElement\":[{\"@type\":\"ListItem\",\"position\":1,\"name\":\"Hem\",\"item\":\"https:\/\/ueff.se\/\"},{\"@type\":\"ListItem\",\"position\":2,\"name\":\"Information om biljettk\u00f6p och priser\"}]},{\"@type\":\"WebSite\",\"@id\":\"https:\/\/ueff.se\/#website\",\"url\":\"https:\/\/ueff.se\/\",\"name\":\"Ume\u00e5 Film Festival\",\"description\":\"\",\"potentialAction\":[{\"@type\":\"SearchAction\",\"target\":{\"@type\":\"EntryPoint\",\"urlTemplate\":\"https:\/\/ueff.se\/?s={search_term_string}\"},\"query-input\":{\"@type\":\"PropertyValueSpecification\",\"valueRequired\":true,\"valueName\":\"search_term_string\"}}],\"inLanguage\":\"en-US\"}]}<\/script>\n<!-- \/ Yoast SEO plugin. -->","yoast_head_json":{"title":"Ticket Information - Ume\u00e5 Film Festival","robots":{"index":"index","follow":"follow","max-snippet":"max-snippet:-1","max-image-preview":"max-image-preview:large","max-video-preview":"max-video-preview:-1"},"canonical":"https:\/\/ueff.se\/en\/information\/","og_locale":"en_US","og_type":"article","og_title":"Ticket Information - Ume\u00e5 Film Festival","og_description":"During the six days of Ume\u00e5 Film Festival, we offer film screenings at several different venues around Ume\u00e5. If you find it confusing to know how to buy a ticket for a screening, please contact us at info@ueff.se and we\u2019ll help you out. Below is information about how to buy your ticket, when to collect [&hellip;]","og_url":"https:\/\/ueff.se\/information\/","og_site_name":"Ume\u00e5 Film Festival","article_modified_time":"2025-11-21T08:28:50+00:00","og_image":[{"width":1240,"height":827,"url":"https:\/\/ueff.se\/wp-content\/uploads\/2021\/02\/visning-ueff-1.jpg","type":"image\/jpeg"}],"twitter_card":"summary_large_image","twitter_misc":{"Est. reading time":"4 minutes"},"schema":{"@context":"https:\/\/schema.org","@graph":[{"@type":"WebPage","@id":"https:\/\/ueff.se\/information\/","url":"https:\/\/ueff.se\/information\/","name":"Ticket Information - Ume\u00e5 Film Festival","isPartOf":{"@id":"https:\/\/ueff.se\/#website"},"datePublished":"2017-08-14T11:51:30+00:00","dateModified":"2025-11-21T08:28:50+00:00","breadcrumb":{"@id":"https:\/\/ueff.se\/information\/#breadcrumb"},"inLanguage":"en-US","potentialAction":[{"@type":"ReadAction","target":["https:\/\/ueff.se\/information\/"]}]},{"@type":"BreadcrumbList","@id":"https:\/\/ueff.se\/information\/#breadcrumb","itemListElement":[{"@type":"ListItem","position":1,"name":"Hem","item":"https:\/\/ueff.se\/"},{"@type":"ListItem","position":2,"name":"Information om biljettk\u00f6p och priser"}]},{"@type":"WebSite","@id":"https:\/\/ueff.se\/#website","url":"https:\/\/ueff.se\/","name":"Ume\u00e5 Film Festival","description":"","potentialAction":[{"@type":"SearchAction","target":{"@type":"EntryPoint","urlTemplate":"https:\/\/ueff.se\/?s={search_term_string}"},"query-input":{"@type":"PropertyValueSpecification","valueRequired":true,"valueName":"search_term_string"}}],"inLanguage":"en-US"}]}},"_links":{"self":[{"href":"https:\/\/ueff.se\/en\/wp-json\/wp\/v2\/pages\/267"}],"collection":[{"href":"https:\/\/ueff.se\/en\/wp-json\/wp\/v2\/pages"}],"about":[{"href":"https:\/\/ueff.se\/en\/wp-json\/wp\/v2\/types\/page"}],"author":[{"embeddable":true,"href":"https:\/\/ueff.se\/en\/wp-json\/wp\/v2\/users\/7"}],"replies":[{"embeddable":true,"href":"https:\/\/ueff.se\/en\/wp-json\/wp\/v2\/comments?post=267"}],"version-history":[{"count":68,"href":"https:\/\/ueff.se\/en\/wp-json\/wp\/v2\/pages\/267\/revisions"}],"predecessor-version":[{"id":7911,"href":"https:\/\/ueff.se\/en\/wp-json\/wp\/v2\/pages\/267\/revisions\/7911"}],"wp:attachment":[{"href":"https:\/\/ueff.se\/en\/wp-json\/wp\/v2\/media?parent=267"}],"curies":[{"name":"wp","href":"https:\/\/api.w.org\/{rel}","templated":true}]}}