{"id":273,"date":"2017-08-14T13:51:57","date_gmt":"2017-08-14T11:51:57","guid":{"rendered":"http:\/\/ueff.se\/?page_id=273"},"modified":"2026-03-27T10:39:42","modified_gmt":"2026-03-27T09:39:42","slug":"om-ueff","status":"publish","type":"page","link":"https:\/\/ueff.se\/en\/om-ueff\/","title":{"rendered":"About UEFF"},"content":{"rendered":"<p>Ume\u00e5 Film Festival (UEFF) is a yearly film festival in the north of Sweden, 2026 we will arrange the 13th edition of the festival. We aim to make a program that includes a carefully chosen selection of contemporary cinema, our main focus is European films and films from the north but we also do a few break outs to other interesting places. The festival is also a week filled with a lot of events such as film quizzes, seminars with visiting filmmakers, an unforgettable Sing Along and lots more!<\/p>\n<p>Ume\u00e5 Film Festival makes its selection based on three themes; gender equality in the film industry, northern perspectives and film talk.<\/p>\n<p>Ume\u00e5 Film Festival is arranged by Folkets Bio Ume\u00e5 with support from The Swedish Film Institute, Film i V\u00e4sterbotten and Ume\u00e5 kommun.<\/p>\n<p><img loading=\"lazy\" decoding=\"async\" class=\"aligncenter wp-image-3630 size-large\" src=\"https:\/\/ueff.se\/wp-content\/uploads\/2021\/12\/211124-1ea8418-1024x683.jpg\" alt=\"\" width=\"1024\" height=\"683\" srcset=\"https:\/\/ueff.se\/wp-content\/uploads\/2021\/12\/211124-1ea8418-1024x683.jpg 1024w, https:\/\/ueff.se\/wp-content\/uploads\/2021\/12\/211124-1ea8418-300x200.jpg 300w, https:\/\/ueff.se\/wp-content\/uploads\/2021\/12\/211124-1ea8418-768x512.jpg 768w, https:\/\/ueff.se\/wp-content\/uploads\/2021\/12\/211124-1ea8418-1536x1024.jpg 1536w, https:\/\/ueff.se\/wp-content\/uploads\/2021\/12\/211124-1ea8418-2048x1365.jpg 2048w, https:\/\/ueff.se\/wp-content\/uploads\/2021\/12\/211124-1ea8418-1920x1280.jpg 1920w\" sizes=\"(max-width: 1024px) 100vw, 1024px\" \/><\/p>\n<p><img loading=\"lazy\" decoding=\"async\" class=\"&quot; aligncenter\" src=\"https:\/\/ueff.se\/wp-content\/uploads\/2021\/12\/hornefors-holmsund-red-3-1024x683.jpg\" alt=\"\" width=\"1024\" height=\"683\" \/><br \/>\nPhoto northern lights: Fredrik Larsson\/Visit Ume\u00e5<\/p>\n<p>&nbsp;<\/p>\n<p>NOTE During the Ume\u00e5 Film Festival, material is photographed and filmed for marketing- and internal purposes. Contact us if you do not want to be in pictures or if you have other questions.<\/p>","protected":false},"excerpt":{"rendered":"<p>About Ume\u00e5 Film Festival<\/p>\n","protected":false},"author":7,"featured_media":6816,"parent":0,"menu_order":4,"comment_status":"closed","ping_status":"closed","template":"","meta":{"_acf_changed":false,"_exactmetrics_skip_tracking":false,"_exactmetrics_sitenote_active":false,"_exactmetrics_sitenote_note":"","_exactmetrics_sitenote_category":0,"footnotes":"","_links_to":"","_links_to_target":""},"class_list":["post-273","page","type-page","status-publish","has-post-thumbnail","hentry"],"acf":[],"yoast_head":"<!-- This site is optimized with the Yoast SEO plugin v25.6 - https:\/\/yoast.com\/wordpress\/plugins\/seo\/ -->\n<title>About UEFF - Ume\u00e5 Film Festival<\/title>\n<meta name=\"robots\" content=\"index, follow, max-snippet:-1, max-image-preview:large, max-video-preview:-1\" \/>\n<link rel=\"canonical\" href=\"https:\/\/ueff.se\/en\/om-ueff\/\" \/>\n<meta property=\"og:locale\" content=\"en_US\" \/>\n<meta property=\"og:type\" content=\"article\" \/>\n<meta property=\"og:title\" content=\"About UEFF - Ume\u00e5 Film Festival\" \/>\n<meta property=\"og:description\" content=\"About Ume\u00e5 Film Festival\" \/>\n<meta property=\"og:url\" content=\"https:\/\/ueff.se\/om-ueff\/\" \/>\n<meta property=\"og:site_name\" content=\"Ume\u00e5 Film Festival\" \/>\n<meta property=\"article:modified_time\" content=\"2026-03-27T09:39:42+00:00\" \/>\n<meta property=\"og:image\" content=\"https:\/\/ueff.se\/wp-content\/uploads\/2025\/02\/attentat-scaled.jpeg\" \/>\n\t<meta property=\"og:image:width\" content=\"2560\" \/>\n\t<meta property=\"og:image:height\" content=\"1440\" \/>\n\t<meta property=\"og:image:type\" content=\"image\/jpeg\" \/>\n<meta name=\"twitter:card\" content=\"summary_large_image\" \/>\n<meta name=\"twitter:label1\" content=\"Est. reading time\" \/>\n\t<meta name=\"twitter:data1\" content=\"2 minutes\" \/>\n<script type=\"application\/ld+json\" class=\"yoast-schema-graph\">{\"@context\":\"https:\/\/schema.org\",\"@graph\":[{\"@type\":\"WebPage\",\"@id\":\"https:\/\/ueff.se\/om-ueff\/\",\"url\":\"https:\/\/ueff.se\/om-ueff\/\",\"name\":\"About UEFF - Ume\u00e5 Film Festival\",\"isPartOf\":{\"@id\":\"https:\/\/ueff.se\/#website\"},\"primaryImageOfPage\":{\"@id\":\"https:\/\/ueff.se\/om-ueff\/#primaryimage\"},\"image\":{\"@id\":\"https:\/\/ueff.se\/om-ueff\/#primaryimage\"},\"thumbnailUrl\":\"https:\/\/ueff.se\/wp-content\/uploads\/2025\/02\/attentat-scaled.jpeg\",\"datePublished\":\"2017-08-14T11:51:57+00:00\",\"dateModified\":\"2026-03-27T09:39:42+00:00\",\"breadcrumb\":{\"@id\":\"https:\/\/ueff.se\/om-ueff\/#breadcrumb\"},\"inLanguage\":\"en-US\",\"potentialAction\":[{\"@type\":\"ReadAction\",\"target\":[\"https:\/\/ueff.se\/om-ueff\/\"]}]},{\"@type\":\"ImageObject\",\"inLanguage\":\"en-US\",\"@id\":\"https:\/\/ueff.se\/om-ueff\/#primaryimage\",\"url\":\"https:\/\/ueff.se\/wp-content\/uploads\/2025\/02\/attentat-scaled.jpeg\",\"contentUrl\":\"https:\/\/ueff.se\/wp-content\/uploads\/2025\/02\/attentat-scaled.jpeg\",\"width\":\"2560\",\"height\":\"1440\"},{\"@type\":\"BreadcrumbList\",\"@id\":\"https:\/\/ueff.se\/om-ueff\/#breadcrumb\",\"itemListElement\":[{\"@type\":\"ListItem\",\"position\":1,\"name\":\"Hem\",\"item\":\"https:\/\/ueff.se\/\"},{\"@type\":\"ListItem\",\"position\":2,\"name\":\"Om UEFF\"}]},{\"@type\":\"WebSite\",\"@id\":\"https:\/\/ueff.se\/#website\",\"url\":\"https:\/\/ueff.se\/\",\"name\":\"Ume\u00e5 Film Festival\",\"description\":\"\",\"potentialAction\":[{\"@type\":\"SearchAction\",\"target\":{\"@type\":\"EntryPoint\",\"urlTemplate\":\"https:\/\/ueff.se\/?s={search_term_string}\"},\"query-input\":{\"@type\":\"PropertyValueSpecification\",\"valueRequired\":true,\"valueName\":\"search_term_string\"}}],\"inLanguage\":\"en-US\"}]}<\/script>\n<!-- \/ Yoast SEO plugin. -->","yoast_head_json":{"title":"About UEFF - Ume\u00e5 Film Festival","robots":{"index":"index","follow":"follow","max-snippet":"max-snippet:-1","max-image-preview":"max-image-preview:large","max-video-preview":"max-video-preview:-1"},"canonical":"https:\/\/ueff.se\/en\/om-ueff\/","og_locale":"en_US","og_type":"article","og_title":"About UEFF - Ume\u00e5 Film Festival","og_description":"About Ume\u00e5 Film Festival","og_url":"https:\/\/ueff.se\/om-ueff\/","og_site_name":"Ume\u00e5 Film Festival","article_modified_time":"2026-03-27T09:39:42+00:00","og_image":[{"width":2560,"height":1440,"url":"https:\/\/ueff.se\/wp-content\/uploads\/2025\/02\/attentat-scaled.jpeg","type":"image\/jpeg"}],"twitter_card":"summary_large_image","twitter_misc":{"Est. reading time":"2 minutes"},"schema":{"@context":"https:\/\/schema.org","@graph":[{"@type":"WebPage","@id":"https:\/\/ueff.se\/om-ueff\/","url":"https:\/\/ueff.se\/om-ueff\/","name":"About UEFF - Ume\u00e5 Film Festival","isPartOf":{"@id":"https:\/\/ueff.se\/#website"},"primaryImageOfPage":{"@id":"https:\/\/ueff.se\/om-ueff\/#primaryimage"},"image":{"@id":"https:\/\/ueff.se\/om-ueff\/#primaryimage"},"thumbnailUrl":"https:\/\/ueff.se\/wp-content\/uploads\/2025\/02\/attentat-scaled.jpeg","datePublished":"2017-08-14T11:51:57+00:00","dateModified":"2026-03-27T09:39:42+00:00","breadcrumb":{"@id":"https:\/\/ueff.se\/om-ueff\/#breadcrumb"},"inLanguage":"en-US","potentialAction":[{"@type":"ReadAction","target":["https:\/\/ueff.se\/om-ueff\/"]}]},{"@type":"ImageObject","inLanguage":"en-US","@id":"https:\/\/ueff.se\/om-ueff\/#primaryimage","url":"https:\/\/ueff.se\/wp-content\/uploads\/2025\/02\/attentat-scaled.jpeg","contentUrl":"https:\/\/ueff.se\/wp-content\/uploads\/2025\/02\/attentat-scaled.jpeg","width":"2560","height":"1440"},{"@type":"BreadcrumbList","@id":"https:\/\/ueff.se\/om-ueff\/#breadcrumb","itemListElement":[{"@type":"ListItem","position":1,"name":"Hem","item":"https:\/\/ueff.se\/"},{"@type":"ListItem","position":2,"name":"Om UEFF"}]},{"@type":"WebSite","@id":"https:\/\/ueff.se\/#website","url":"https:\/\/ueff.se\/","name":"Ume\u00e5 Film Festival","description":"","potentialAction":[{"@type":"SearchAction","target":{"@type":"EntryPoint","urlTemplate":"https:\/\/ueff.se\/?s={search_term_string}"},"query-input":{"@type":"PropertyValueSpecification","valueRequired":true,"valueName":"search_term_string"}}],"inLanguage":"en-US"}]}},"_links":{"self":[{"href":"https:\/\/ueff.se\/en\/wp-json\/wp\/v2\/pages\/273"}],"collection":[{"href":"https:\/\/ueff.se\/en\/wp-json\/wp\/v2\/pages"}],"about":[{"href":"https:\/\/ueff.se\/en\/wp-json\/wp\/v2\/types\/page"}],"author":[{"embeddable":true,"href":"https:\/\/ueff.se\/en\/wp-json\/wp\/v2\/users\/7"}],"replies":[{"embeddable":true,"href":"https:\/\/ueff.se\/en\/wp-json\/wp\/v2\/comments?post=273"}],"version-history":[{"count":57,"href":"https:\/\/ueff.se\/en\/wp-json\/wp\/v2\/pages\/273\/revisions"}],"predecessor-version":[{"id":8032,"href":"https:\/\/ueff.se\/en\/wp-json\/wp\/v2\/pages\/273\/revisions\/8032"}],"wp:featuredmedia":[{"embeddable":true,"href":"https:\/\/ueff.se\/en\/wp-json\/wp\/v2\/media\/6816"}],"wp:attachment":[{"href":"https:\/\/ueff.se\/en\/wp-json\/wp\/v2\/media?parent=273"}],"curies":[{"name":"wp","href":"https:\/\/api.w.org\/{rel}","templated":true}]}}