{"id":3720,"date":"2022-03-31T16:42:53","date_gmt":"2022-03-31T14:42:53","guid":{"rendered":"https:\/\/ueff.se\/?page_id=3720"},"modified":"2026-02-27T16:54:15","modified_gmt":"2026-02-27T15:54:15","slug":"umea-europeiska-filmfestivals-olika-sektioner-och-program","status":"publish","type":"page","link":"https:\/\/ueff.se\/en\/umea-europeiska-filmfestivals-olika-sektioner-och-program\/","title":{"rendered":"About our program"},"content":{"rendered":"<p><strong>Ume\u00e5 Film Festival is a recurring festival in Ume\u00e5 during the last week of November every year. We offer a wide program of films from all over the world, between 90-100 titles in 2025. Over 6 days, films are shown from early morning to late evening with the V\u00e4ven cultural center as a base. In addition to the two cinemas that Folkets Bio Ume\u00e5 has throughout the year, we turn V\u00e4venscenen into a cinema. To see all screening locations, look at our <a href=\"https:\/\/ueff.se\/festivalkarta\/\">festival map<\/a>.<\/strong><\/p>\n<p>Every year, tickets are released about 3 weeks before. The program magazine can be picked up at various locations in the city and is completely free, it also comes with Folkbladet and V\u00e4sterbottens kuriren as an insert (also for those with a digital subscription). In addition to our public program, we have several industry activities that take place over three days and that we arrange together with Film i V\u00e4sterbotten.<\/p>\n<p>For those who want to submit their film to the festival, registration opens in April, this also applies to applications for accredited industry.<\/p>\n<p>UEFF has a rich tradition of offering a range of events during the festival week. Sing along, Dinner and a Movie, Film quiz and live music. A way to simply spend time with loved ones. In the section called Red Carpet, unique previews of long-awaited cinema premieres are shown. Red Carpet is often associated with bubbles and mingling. You will certainly get this atmosphere during the opening night &#8211; which always takes place on the first day of the film festival and is open to everyone to buy tickets.<\/p>\n<p>In the panorama section, we collect a selection of favorites from other film festivals around Europe. It can be everything from exciting debutants to established directors. A section that can surprise in many different ways and that shows .<\/p>\n<p>Perspectives from the North is the section with the most films and the most visitors. All films in this section have connections to our northern areas. This section often contains a mix of short films, feature films and documentaries. The screenings often end with a question and answer session with a visiting director or producer.<\/p>\n<p>For many years, the film festival has shown <a href=\"https:\/\/ueff.se\/skolbio\/\">School Cinema<\/a> during the day for young pupils and students. There are many ways to use school cinema as an educational tool in the classroom, not least because a visit to the film festival is a cultural experience in itself.<\/p>\n<p>During late summer, we show films in one of Ume\u00e5&#8217;s beautiful parks with free admission. Bring a nice picnic and come!<\/p>\n<p>Photo: Clara H\u00f6gberg<\/p>","protected":false},"excerpt":{"rendered":"<p>Ume\u00e5 Film Festival is a recurring festival in Ume\u00e5 during the last week of November every year. We offer a wide program of films from all over the world, between 90-100 titles in 2025. Over 6 days, films are shown from early morning to late evening with the V\u00e4ven cultural center as a base. In [&hellip;]<\/p>\n","protected":false},"author":9,"featured_media":7990,"parent":0,"menu_order":0,"comment_status":"closed","ping_status":"closed","template":"","meta":{"_acf_changed":false,"_exactmetrics_skip_tracking":false,"_exactmetrics_sitenote_active":false,"_exactmetrics_sitenote_note":"","_exactmetrics_sitenote_category":0,"footnotes":"","_links_to":"","_links_to_target":""},"class_list":["post-3720","page","type-page","status-publish","has-post-thumbnail","hentry"],"acf":[],"yoast_head":"<!-- This site is optimized with the Yoast SEO plugin v25.6 - https:\/\/yoast.com\/wordpress\/plugins\/seo\/ -->\n<title>About our program - Ume\u00e5 Film Festival<\/title>\n<meta name=\"robots\" content=\"index, follow, max-snippet:-1, max-image-preview:large, max-video-preview:-1\" \/>\n<link rel=\"canonical\" href=\"https:\/\/ueff.se\/en\/umea-europeiska-filmfestivals-olika-sektioner-och-program\/\" \/>\n<meta property=\"og:locale\" content=\"en_US\" \/>\n<meta property=\"og:type\" content=\"article\" \/>\n<meta property=\"og:title\" content=\"About our program - Ume\u00e5 Film Festival\" \/>\n<meta property=\"og:description\" content=\"Ume\u00e5 Film Festival is a recurring festival in Ume\u00e5 during the last week of November every year. We offer a wide program of films from all over the world, between 90-100 titles in 2025. Over 6 days, films are shown from early morning to late evening with the V\u00e4ven cultural center as a base. In [&hellip;]\" \/>\n<meta property=\"og:url\" content=\"https:\/\/ueff.se\/umea-europeiska-filmfestivals-olika-sektioner-och-program\/\" \/>\n<meta property=\"og:site_name\" content=\"Ume\u00e5 Film Festival\" \/>\n<meta property=\"article:modified_time\" content=\"2026-02-27T15:54:15+00:00\" \/>\n<meta property=\"og:image\" content=\"https:\/\/ueff.se\/wp-content\/uploads\/2026\/02\/clarahoegberg-2025-18580-1080p.jpg\" \/>\n\t<meta property=\"og:image:width\" content=\"1080\" \/>\n\t<meta property=\"og:image:height\" content=\"720\" \/>\n\t<meta property=\"og:image:type\" content=\"image\/jpeg\" \/>\n<meta name=\"twitter:card\" content=\"summary_large_image\" \/>\n<meta name=\"twitter:label1\" content=\"Est. reading time\" \/>\n\t<meta name=\"twitter:data1\" content=\"3 minutes\" \/>\n<script type=\"application\/ld+json\" class=\"yoast-schema-graph\">{\"@context\":\"https:\/\/schema.org\",\"@graph\":[{\"@type\":\"WebPage\",\"@id\":\"https:\/\/ueff.se\/umea-europeiska-filmfestivals-olika-sektioner-och-program\/\",\"url\":\"https:\/\/ueff.se\/umea-europeiska-filmfestivals-olika-sektioner-och-program\/\",\"name\":\"About our program - Ume\u00e5 Film Festival\",\"isPartOf\":{\"@id\":\"https:\/\/ueff.se\/#website\"},\"primaryImageOfPage\":{\"@id\":\"https:\/\/ueff.se\/umea-europeiska-filmfestivals-olika-sektioner-och-program\/#primaryimage\"},\"image\":{\"@id\":\"https:\/\/ueff.se\/umea-europeiska-filmfestivals-olika-sektioner-och-program\/#primaryimage\"},\"thumbnailUrl\":\"https:\/\/ueff.se\/wp-content\/uploads\/2026\/02\/clarahoegberg-2025-18580-1080p.jpg\",\"datePublished\":\"2022-03-31T14:42:53+00:00\",\"dateModified\":\"2026-02-27T15:54:15+00:00\",\"breadcrumb\":{\"@id\":\"https:\/\/ueff.se\/umea-europeiska-filmfestivals-olika-sektioner-och-program\/#breadcrumb\"},\"inLanguage\":\"en-US\",\"potentialAction\":[{\"@type\":\"ReadAction\",\"target\":[\"https:\/\/ueff.se\/umea-europeiska-filmfestivals-olika-sektioner-och-program\/\"]}]},{\"@type\":\"ImageObject\",\"inLanguage\":\"en-US\",\"@id\":\"https:\/\/ueff.se\/umea-europeiska-filmfestivals-olika-sektioner-och-program\/#primaryimage\",\"url\":\"https:\/\/ueff.se\/wp-content\/uploads\/2026\/02\/clarahoegberg-2025-18580-1080p.jpg\",\"contentUrl\":\"https:\/\/ueff.se\/wp-content\/uploads\/2026\/02\/clarahoegberg-2025-18580-1080p.jpg\",\"width\":\"1080\",\"height\":\"720\",\"caption\":\"Invigning av Ume\u00e5 Filmfestival med visning av Det var bara en olycka, Jafar Panahi. 18.30 Mingel med bubbel p\u00e5 Kajen 19.00 Tal + Filmstart p\u00e5 V\u00e4venscenen. OBS: det har inte h\u00e4mtats samtycke till n\u00e5gon av bilderna\"},{\"@type\":\"BreadcrumbList\",\"@id\":\"https:\/\/ueff.se\/umea-europeiska-filmfestivals-olika-sektioner-och-program\/#breadcrumb\",\"itemListElement\":[{\"@type\":\"ListItem\",\"position\":1,\"name\":\"Hem\",\"item\":\"https:\/\/ueff.se\/\"},{\"@type\":\"ListItem\",\"position\":2,\"name\":\"Om v\u00e5rt program\"}]},{\"@type\":\"WebSite\",\"@id\":\"https:\/\/ueff.se\/#website\",\"url\":\"https:\/\/ueff.se\/\",\"name\":\"Ume\u00e5 Film Festival\",\"description\":\"\",\"potentialAction\":[{\"@type\":\"SearchAction\",\"target\":{\"@type\":\"EntryPoint\",\"urlTemplate\":\"https:\/\/ueff.se\/?s={search_term_string}\"},\"query-input\":{\"@type\":\"PropertyValueSpecification\",\"valueRequired\":true,\"valueName\":\"search_term_string\"}}],\"inLanguage\":\"en-US\"}]}<\/script>\n<!-- \/ Yoast SEO plugin. -->","yoast_head_json":{"title":"About our program - Ume\u00e5 Film Festival","robots":{"index":"index","follow":"follow","max-snippet":"max-snippet:-1","max-image-preview":"max-image-preview:large","max-video-preview":"max-video-preview:-1"},"canonical":"https:\/\/ueff.se\/en\/umea-europeiska-filmfestivals-olika-sektioner-och-program\/","og_locale":"en_US","og_type":"article","og_title":"About our program - Ume\u00e5 Film Festival","og_description":"Ume\u00e5 Film Festival is a recurring festival in Ume\u00e5 during the last week of November every year. We offer a wide program of films from all over the world, between 90-100 titles in 2025. Over 6 days, films are shown from early morning to late evening with the V\u00e4ven cultural center as a base. In [&hellip;]","og_url":"https:\/\/ueff.se\/umea-europeiska-filmfestivals-olika-sektioner-och-program\/","og_site_name":"Ume\u00e5 Film Festival","article_modified_time":"2026-02-27T15:54:15+00:00","og_image":[{"width":1080,"height":720,"url":"https:\/\/ueff.se\/wp-content\/uploads\/2026\/02\/clarahoegberg-2025-18580-1080p.jpg","type":"image\/jpeg"}],"twitter_card":"summary_large_image","twitter_misc":{"Est. reading time":"3 minutes"},"schema":{"@context":"https:\/\/schema.org","@graph":[{"@type":"WebPage","@id":"https:\/\/ueff.se\/umea-europeiska-filmfestivals-olika-sektioner-och-program\/","url":"https:\/\/ueff.se\/umea-europeiska-filmfestivals-olika-sektioner-och-program\/","name":"About our program - Ume\u00e5 Film Festival","isPartOf":{"@id":"https:\/\/ueff.se\/#website"},"primaryImageOfPage":{"@id":"https:\/\/ueff.se\/umea-europeiska-filmfestivals-olika-sektioner-och-program\/#primaryimage"},"image":{"@id":"https:\/\/ueff.se\/umea-europeiska-filmfestivals-olika-sektioner-och-program\/#primaryimage"},"thumbnailUrl":"https:\/\/ueff.se\/wp-content\/uploads\/2026\/02\/clarahoegberg-2025-18580-1080p.jpg","datePublished":"2022-03-31T14:42:53+00:00","dateModified":"2026-02-27T15:54:15+00:00","breadcrumb":{"@id":"https:\/\/ueff.se\/umea-europeiska-filmfestivals-olika-sektioner-och-program\/#breadcrumb"},"inLanguage":"en-US","potentialAction":[{"@type":"ReadAction","target":["https:\/\/ueff.se\/umea-europeiska-filmfestivals-olika-sektioner-och-program\/"]}]},{"@type":"ImageObject","inLanguage":"en-US","@id":"https:\/\/ueff.se\/umea-europeiska-filmfestivals-olika-sektioner-och-program\/#primaryimage","url":"https:\/\/ueff.se\/wp-content\/uploads\/2026\/02\/clarahoegberg-2025-18580-1080p.jpg","contentUrl":"https:\/\/ueff.se\/wp-content\/uploads\/2026\/02\/clarahoegberg-2025-18580-1080p.jpg","width":"1080","height":"720","caption":"Invigning av Ume\u00e5 Filmfestival med visning av Det var bara en olycka, Jafar Panahi. 18.30 Mingel med bubbel p\u00e5 Kajen 19.00 Tal + Filmstart p\u00e5 V\u00e4venscenen. OBS: det har inte h\u00e4mtats samtycke till n\u00e5gon av bilderna"},{"@type":"BreadcrumbList","@id":"https:\/\/ueff.se\/umea-europeiska-filmfestivals-olika-sektioner-och-program\/#breadcrumb","itemListElement":[{"@type":"ListItem","position":1,"name":"Hem","item":"https:\/\/ueff.se\/"},{"@type":"ListItem","position":2,"name":"Om v\u00e5rt program"}]},{"@type":"WebSite","@id":"https:\/\/ueff.se\/#website","url":"https:\/\/ueff.se\/","name":"Ume\u00e5 Film Festival","description":"","potentialAction":[{"@type":"SearchAction","target":{"@type":"EntryPoint","urlTemplate":"https:\/\/ueff.se\/?s={search_term_string}"},"query-input":{"@type":"PropertyValueSpecification","valueRequired":true,"valueName":"search_term_string"}}],"inLanguage":"en-US"}]}},"_links":{"self":[{"href":"https:\/\/ueff.se\/en\/wp-json\/wp\/v2\/pages\/3720"}],"collection":[{"href":"https:\/\/ueff.se\/en\/wp-json\/wp\/v2\/pages"}],"about":[{"href":"https:\/\/ueff.se\/en\/wp-json\/wp\/v2\/types\/page"}],"author":[{"embeddable":true,"href":"https:\/\/ueff.se\/en\/wp-json\/wp\/v2\/users\/9"}],"replies":[{"embeddable":true,"href":"https:\/\/ueff.se\/en\/wp-json\/wp\/v2\/comments?post=3720"}],"version-history":[{"count":43,"href":"https:\/\/ueff.se\/en\/wp-json\/wp\/v2\/pages\/3720\/revisions"}],"predecessor-version":[{"id":8019,"href":"https:\/\/ueff.se\/en\/wp-json\/wp\/v2\/pages\/3720\/revisions\/8019"}],"wp:featuredmedia":[{"embeddable":true,"href":"https:\/\/ueff.se\/en\/wp-json\/wp\/v2\/media\/7990"}],"wp:attachment":[{"href":"https:\/\/ueff.se\/en\/wp-json\/wp\/v2\/media?parent=3720"}],"curies":[{"name":"wp","href":"https:\/\/api.w.org\/{rel}","templated":true}]}}