{"id":6339,"date":"2024-11-13T10:23:22","date_gmt":"2024-11-13T09:23:22","guid":{"rendered":"https:\/\/ueff.se\/?page_id=6339"},"modified":"2025-11-21T09:47:49","modified_gmt":"2025-11-21T08:47:49","slug":"festivalkarta","status":"publish","type":"page","link":"https:\/\/ueff.se\/en\/festivalkarta\/","title":{"rendered":"Festival Map"},"content":{"rendered":"<p><iframe loading=\"lazy\" src=\"https:\/\/www.google.com\/maps\/d\/u\/0\/embed?mid=1nqvhFxy6VWT7Sbipinby5he8AMjnGso&amp;ehbc=2E312F\" width=\"640\" height=\"480\"><\/iframe><\/p>\n<div class=\"media-description\">\n<p>&nbsp;<br \/>\n<strong>Getting to Ume\u00e5 city centre from the airport<\/strong><br \/>\nThe airport bus (line 80) stops at Vasaplan (Stop O) and is perhaps the fastest and cheapest airport bus in Sweden. With the airport bus, you can easily and quickly travel between Ume\u00e5 Airport and Ume\u00e5 city centre (Vasaplan).<br \/>\nFind departures here.<br \/>\n&nbsp;<br \/>\n<strong>Getting to Ume\u00e5 by train<\/strong><br \/>\nWe encourage you to take the train to Ume\u00e5 Film Festival. Travelling to Ume\u00e5 by train is very convenient, as you arrive right in the city centre, just a short walk from the cultural centre V\u00e4ven.<br \/>\n&nbsp;<br \/>\n&nbsp;<br \/>\n<strong>Screening venues during Ume\u00e5 Film Festival 2025<\/strong>\n<\/div>\n<p><a href=\"https:\/\/www.vaven.se\/sve\/boka-en-lokal\/vavenscenen.html\" target=\"_blank\" rel=\"noopener\">V\u00e4venscenen<\/a><br \/>\nV\u00e4stra Strandgatan 8A<br \/>\nPlan 1, V\u00e4ven<\/p>\n<p><a href=\"https:\/\/www.vaven.se\/sve\/boka-en-lokal\/vavenscenen.html\" target=\"_blank\" rel=\"noopener\">Kajen<\/a><br \/>\nV\u00e4stra Strandgatan 8A<br \/>\nPlan 1, V\u00e4ven<\/p>\n<p><a href=\"https:\/\/folketsbioumea.se\" target=\"_blank\" rel=\"noopener\">Folkets Bio Ume\u00e5 <\/a><br \/>\nSalong Tystnad &amp; Salong Tagning<br \/>\nV\u00e4stra Strandgatan 8A<br \/>\nPlan 4, V\u00e4ven<\/p>\n<p><a href=\"https:\/\/www.kvinnohistoriskt.se\">Kvinnohistoriskt museum<\/a><br \/>\nV\u00e4stra Strandgatan 8A<br \/>\nPlan 4,\u00a0V\u00e4ven<\/p>\n<p><a href=\"https:\/\/gotthardskrog.se\" target=\"_blank\" rel=\"noopener\">Gotthards Krog<\/a><br \/>\nInomhustorget<br \/>\nV\u00e4ven<\/p>\n<p><a href=\"https:\/\/www.bildmuseet.umu.se\" target=\"_blank\" rel=\"noopener\">Bildmuseet<\/a><br \/>\n\u00d6stra Strandgatan 30B<\/p>\n<p><a href=\"https:\/\/www.umea.se\/trafikochresor\/torgochallmannaplatser\/radhustorget.4.19a41f3a17567e789efe0f.html\" target=\"_blank\" rel=\"noopener\">R\u00e5dhustorget<\/a><br \/>\nUme\u00e5 Centrum<\/p>\n<p><a href=\"https:\/\/www.google.com\/search?client=safari&amp;rls=en&amp;q=kulturhuset+klossen&amp;ie=UTF-8&amp;oe=UTF-8\" target=\"_blank\" rel=\"noopener\">Kulturhuset Klossen<\/a><br \/>\nHelena Elisabeths v\u00e4g 3<br \/>\nBio Abelli<\/p>\n<p><a href=\"https:\/\/www.google.com\/search?client=safari&amp;rls=en&amp;q=folkets+hus+ume%C3%A5&amp;ie=UTF-8&amp;oe=UTF-8\">Ume\u00e5 Folkets Hus<\/a><br \/>\nVasaplan<br \/>\nMiklag\u00e5rd<\/p>\n<p><a href=\"https:\/\/www.curiosum.umu.se\">Curiosum<\/a><br \/>\n\u00d6stra Strandgatan 32<\/p>\n<p>&nbsp;<\/p>\n<p>Photo: Fredrik Larsson\/Visit Ume\u00e5<\/p>","protected":false},"excerpt":{"rendered":"<p>Find our venues!<\/p>\n","protected":false},"author":11,"featured_media":6777,"parent":0,"menu_order":0,"comment_status":"closed","ping_status":"closed","template":"","meta":{"_acf_changed":false,"_exactmetrics_skip_tracking":false,"_exactmetrics_sitenote_active":false,"_exactmetrics_sitenote_note":"","_exactmetrics_sitenote_category":0,"footnotes":"","_links_to":"","_links_to_target":""},"class_list":["post-6339","page","type-page","status-publish","has-post-thumbnail","hentry"],"acf":[],"yoast_head":"<!-- This site is optimized with the Yoast SEO plugin v25.6 - https:\/\/yoast.com\/wordpress\/plugins\/seo\/ -->\n<title>Festival Map - Ume\u00e5 Film Festival<\/title>\n<meta name=\"robots\" content=\"index, follow, max-snippet:-1, max-image-preview:large, max-video-preview:-1\" \/>\n<link rel=\"canonical\" href=\"https:\/\/ueff.se\/en\/festivalkarta\/\" \/>\n<meta property=\"og:locale\" content=\"en_US\" \/>\n<meta property=\"og:type\" content=\"article\" \/>\n<meta property=\"og:title\" content=\"Festival Map - Ume\u00e5 Film Festival\" \/>\n<meta property=\"og:description\" content=\"Find our venues!\" \/>\n<meta property=\"og:url\" content=\"https:\/\/ueff.se\/festivalkarta\/\" \/>\n<meta property=\"og:site_name\" content=\"Ume\u00e5 Film Festival\" \/>\n<meta property=\"article:modified_time\" content=\"2025-11-21T08:47:49+00:00\" \/>\n<meta property=\"og:image\" content=\"https:\/\/ueff.se\/wp-content\/uploads\/2025\/01\/umea-solnedgang-vinter-drone-1127-hdr-pano-scaled.jpg\" \/>\n\t<meta property=\"og:image:width\" content=\"2560\" \/>\n\t<meta property=\"og:image:height\" content=\"2232\" \/>\n\t<meta property=\"og:image:type\" content=\"image\/jpeg\" \/>\n<meta name=\"twitter:card\" content=\"summary_large_image\" \/>\n<meta name=\"twitter:label1\" content=\"Est. reading time\" \/>\n\t<meta name=\"twitter:data1\" content=\"2 minutes\" \/>\n<script type=\"application\/ld+json\" class=\"yoast-schema-graph\">{\"@context\":\"https:\/\/schema.org\",\"@graph\":[{\"@type\":\"WebPage\",\"@id\":\"https:\/\/ueff.se\/festivalkarta\/\",\"url\":\"https:\/\/ueff.se\/festivalkarta\/\",\"name\":\"Festival Map - Ume\u00e5 Film Festival\",\"isPartOf\":{\"@id\":\"https:\/\/ueff.se\/#website\"},\"primaryImageOfPage\":{\"@id\":\"https:\/\/ueff.se\/festivalkarta\/#primaryimage\"},\"image\":{\"@id\":\"https:\/\/ueff.se\/festivalkarta\/#primaryimage\"},\"thumbnailUrl\":\"https:\/\/ueff.se\/wp-content\/uploads\/2025\/01\/umea-solnedgang-vinter-drone-1127-hdr-pano-scaled.jpg\",\"datePublished\":\"2024-11-13T09:23:22+00:00\",\"dateModified\":\"2025-11-21T08:47:49+00:00\",\"breadcrumb\":{\"@id\":\"https:\/\/ueff.se\/festivalkarta\/#breadcrumb\"},\"inLanguage\":\"en-US\",\"potentialAction\":[{\"@type\":\"ReadAction\",\"target\":[\"https:\/\/ueff.se\/festivalkarta\/\"]}]},{\"@type\":\"ImageObject\",\"inLanguage\":\"en-US\",\"@id\":\"https:\/\/ueff.se\/festivalkarta\/#primaryimage\",\"url\":\"https:\/\/ueff.se\/wp-content\/uploads\/2025\/01\/umea-solnedgang-vinter-drone-1127-hdr-pano-scaled.jpg\",\"contentUrl\":\"https:\/\/ueff.se\/wp-content\/uploads\/2025\/01\/umea-solnedgang-vinter-drone-1127-hdr-pano-scaled.jpg\",\"width\":\"2560\",\"height\":\"2232\"},{\"@type\":\"BreadcrumbList\",\"@id\":\"https:\/\/ueff.se\/festivalkarta\/#breadcrumb\",\"itemListElement\":[{\"@type\":\"ListItem\",\"position\":1,\"name\":\"Hem\",\"item\":\"https:\/\/ueff.se\/\"},{\"@type\":\"ListItem\",\"position\":2,\"name\":\"Festivalkarta\"}]},{\"@type\":\"WebSite\",\"@id\":\"https:\/\/ueff.se\/#website\",\"url\":\"https:\/\/ueff.se\/\",\"name\":\"Ume\u00e5 Film Festival\",\"description\":\"\",\"potentialAction\":[{\"@type\":\"SearchAction\",\"target\":{\"@type\":\"EntryPoint\",\"urlTemplate\":\"https:\/\/ueff.se\/?s={search_term_string}\"},\"query-input\":{\"@type\":\"PropertyValueSpecification\",\"valueRequired\":true,\"valueName\":\"search_term_string\"}}],\"inLanguage\":\"en-US\"}]}<\/script>\n<!-- \/ Yoast SEO plugin. -->","yoast_head_json":{"title":"Festival Map - Ume\u00e5 Film Festival","robots":{"index":"index","follow":"follow","max-snippet":"max-snippet:-1","max-image-preview":"max-image-preview:large","max-video-preview":"max-video-preview:-1"},"canonical":"https:\/\/ueff.se\/en\/festivalkarta\/","og_locale":"en_US","og_type":"article","og_title":"Festival Map - Ume\u00e5 Film Festival","og_description":"Find our venues!","og_url":"https:\/\/ueff.se\/festivalkarta\/","og_site_name":"Ume\u00e5 Film Festival","article_modified_time":"2025-11-21T08:47:49+00:00","og_image":[{"width":2560,"height":2232,"url":"https:\/\/ueff.se\/wp-content\/uploads\/2025\/01\/umea-solnedgang-vinter-drone-1127-hdr-pano-scaled.jpg","type":"image\/jpeg"}],"twitter_card":"summary_large_image","twitter_misc":{"Est. reading time":"2 minutes"},"schema":{"@context":"https:\/\/schema.org","@graph":[{"@type":"WebPage","@id":"https:\/\/ueff.se\/festivalkarta\/","url":"https:\/\/ueff.se\/festivalkarta\/","name":"Festival Map - Ume\u00e5 Film Festival","isPartOf":{"@id":"https:\/\/ueff.se\/#website"},"primaryImageOfPage":{"@id":"https:\/\/ueff.se\/festivalkarta\/#primaryimage"},"image":{"@id":"https:\/\/ueff.se\/festivalkarta\/#primaryimage"},"thumbnailUrl":"https:\/\/ueff.se\/wp-content\/uploads\/2025\/01\/umea-solnedgang-vinter-drone-1127-hdr-pano-scaled.jpg","datePublished":"2024-11-13T09:23:22+00:00","dateModified":"2025-11-21T08:47:49+00:00","breadcrumb":{"@id":"https:\/\/ueff.se\/festivalkarta\/#breadcrumb"},"inLanguage":"en-US","potentialAction":[{"@type":"ReadAction","target":["https:\/\/ueff.se\/festivalkarta\/"]}]},{"@type":"ImageObject","inLanguage":"en-US","@id":"https:\/\/ueff.se\/festivalkarta\/#primaryimage","url":"https:\/\/ueff.se\/wp-content\/uploads\/2025\/01\/umea-solnedgang-vinter-drone-1127-hdr-pano-scaled.jpg","contentUrl":"https:\/\/ueff.se\/wp-content\/uploads\/2025\/01\/umea-solnedgang-vinter-drone-1127-hdr-pano-scaled.jpg","width":"2560","height":"2232"},{"@type":"BreadcrumbList","@id":"https:\/\/ueff.se\/festivalkarta\/#breadcrumb","itemListElement":[{"@type":"ListItem","position":1,"name":"Hem","item":"https:\/\/ueff.se\/"},{"@type":"ListItem","position":2,"name":"Festivalkarta"}]},{"@type":"WebSite","@id":"https:\/\/ueff.se\/#website","url":"https:\/\/ueff.se\/","name":"Ume\u00e5 Film Festival","description":"","potentialAction":[{"@type":"SearchAction","target":{"@type":"EntryPoint","urlTemplate":"https:\/\/ueff.se\/?s={search_term_string}"},"query-input":{"@type":"PropertyValueSpecification","valueRequired":true,"valueName":"search_term_string"}}],"inLanguage":"en-US"}]}},"_links":{"self":[{"href":"https:\/\/ueff.se\/en\/wp-json\/wp\/v2\/pages\/6339"}],"collection":[{"href":"https:\/\/ueff.se\/en\/wp-json\/wp\/v2\/pages"}],"about":[{"href":"https:\/\/ueff.se\/en\/wp-json\/wp\/v2\/types\/page"}],"author":[{"embeddable":true,"href":"https:\/\/ueff.se\/en\/wp-json\/wp\/v2\/users\/11"}],"replies":[{"embeddable":true,"href":"https:\/\/ueff.se\/en\/wp-json\/wp\/v2\/comments?post=6339"}],"version-history":[{"count":23,"href":"https:\/\/ueff.se\/en\/wp-json\/wp\/v2\/pages\/6339\/revisions"}],"predecessor-version":[{"id":6770,"href":"https:\/\/ueff.se\/en\/wp-json\/wp\/v2\/pages\/6339\/revisions\/6770"}],"wp:featuredmedia":[{"embeddable":true,"href":"https:\/\/ueff.se\/en\/wp-json\/wp\/v2\/media\/6777"}],"wp:attachment":[{"href":"https:\/\/ueff.se\/en\/wp-json\/wp\/v2\/media?parent=6339"}],"curies":[{"name":"wp","href":"https:\/\/api.w.org\/{rel}","templated":true}]}}