{"id":6811,"date":"2025-02-04T15:06:36","date_gmt":"2025-02-04T14:06:36","guid":{"rendered":"https:\/\/ueff.se\/?page_id=6811"},"modified":"2026-04-23T12:00:37","modified_gmt":"2026-04-23T10:00:37","slug":"anmal-din-film","status":"publish","type":"page","link":"https:\/\/ueff.se\/en\/anmal-din-film\/","title":{"rendered":"Submit your film to Ume\u00e5 Filmfestival!"},"content":{"rendered":"<p><strong>On this page, you can submit your film to the Ume\u00e5 Film Festival 2026. We have three different categories, each with its own deadline, so please take note of this. As always, we are seeking films for our section Perspectives from the North. What\u2019s special this year is that we will be screening a short film program featuring films shot on mobile phones that showcase young people\u2019s perspectives in the Arctic. You can also submit your feature film or documentary to our Panorama and Documentary sections.<\/strong><br \/>\n&nbsp;<br \/>\n&nbsp;<\/p>\n<h2>A day in life<br \/>\n&#8211; Life in the Arctic<\/h2>\n<p><img loading=\"lazy\" decoding=\"async\" class=\"alignnone size-large wp-image-8067\" src=\"https:\/\/ueff.se\/wp-content\/uploads\/2026\/04\/screenshot-2026-04-13-at-105933-1024x574.png\" alt=\"\" width=\"1024\" height=\"574\" srcset=\"https:\/\/ueff.se\/wp-content\/uploads\/2026\/04\/screenshot-2026-04-13-at-105933-1024x574.png 1024w, https:\/\/ueff.se\/wp-content\/uploads\/2026\/04\/screenshot-2026-04-13-at-105933-300x168.png 300w, https:\/\/ueff.se\/wp-content\/uploads\/2026\/04\/screenshot-2026-04-13-at-105933-768x431.png 768w, https:\/\/ueff.se\/wp-content\/uploads\/2026\/04\/screenshot-2026-04-13-at-105933-1536x862.png 1536w, https:\/\/ueff.se\/wp-content\/uploads\/2026\/04\/screenshot-2026-04-13-at-105933-2048x1149.png 2048w\" sizes=\"(max-width: 1024px) 100vw, 1024px\" \/><\/p>\n<p>Ume\u00e5 Film Festival and the Arctic Light Film Festival are seeking short films of 1\u20133 minutes in length made with a cell phone. We are looking for films that explore the lives of young people in the Arctic. Anyone between the ages of 15 and 18 who resides in V\u00e4sterbotten or Norrbotten is eligible to apply. The selected entries will be screened in a short film block during the Arctic Light Film Festival (November 18\u201322) and during the Ume\u00e5 Film Festival (November 24\u201329). A jury will select a winner during the Ume\u00e5 Film Festival awards ceremony on November 27. <strong>Submissions are open through Monday, August 17!<\/strong><\/p>\n<p>Responses will be sent out at the end of September. Please direct any questions or concerns to info@ueff.se. Submissions received after the deadline will not be considered. Image from Skrapade kn\u00e4n, Manna Bergstr\u00f6m, 2025<\/p>\n<p><a href=\"https:\/\/ueff.se\/a-day-in-life-anmalan-2026\/\">&#8211;Submit your film&#8211;<\/a><br \/>\n&nbsp;<br \/>\n&nbsp;<\/p>\n<h2>Northern Perspectives<\/h2>\n<p><img loading=\"lazy\" decoding=\"async\" class=\"alignnone size-large wp-image-8100\" src=\"https:\/\/ueff.se\/wp-content\/uploads\/2026\/04\/l1000070-119-1024x680.jpg\" alt=\"\" width=\"1024\" height=\"680\" srcset=\"https:\/\/ueff.se\/wp-content\/uploads\/2026\/04\/l1000070-119-1024x680.jpg 1024w, https:\/\/ueff.se\/wp-content\/uploads\/2026\/04\/l1000070-119-300x199.jpg 300w, https:\/\/ueff.se\/wp-content\/uploads\/2026\/04\/l1000070-119-768x510.jpg 768w, https:\/\/ueff.se\/wp-content\/uploads\/2026\/04\/l1000070-119-1536x1020.jpg 1536w, https:\/\/ueff.se\/wp-content\/uploads\/2026\/04\/l1000070-119-2048x1360.jpg 2048w\" sizes=\"(max-width: 1024px) 100vw, 1024px\" \/><\/p>\n<p>Submit your film to our \u201cPerspectives from the North\u201d section! This section features both documentaries and feature films, short and feature-length. \u201cPerspectives from the North\u201d is one of our most popular sections during the film festival. In 2025, we had over 800 attendees for the films and film blocks shown in the program.<\/p>\n<p>The films in this section must have a connection to the northern circumpolar region, either through their content or because one of the filmmakers has a strong connection to the north. Since 2023, we have also opened the section to films from other parts of the world, such as Greenland, Iceland, Canada, and Finland. Films produced in northern Sweden and submitted to the festival also have a chance to be nominated for our Storspoven film grant (<a href=\"https:\/\/ueff.se\/storspoven\/\">read more about previous winners here<\/a>).<\/p>\n<p>All films submitted to the festival are reviewed by a reference group consisting of 4\u20135 people from various sectors of the cultural field, along with staff from the film festival. The reference group reviews all submitted entries.<\/p>\n<p><strong>Submissions are open through Sunday, August 23, 2026<\/strong>. Submissions received after the deadline will not be considered. Image from the screening of Storspoven 2025, photograph by Gabriel.<\/p>\n<p><a href=\"https:\/\/ueff.se\/northern-perspectives-submission-2026\/\">&#8211;Submit your film&#8211;<\/a><br \/>\n&nbsp;<br \/>\n&nbsp;<\/p>\n<h2>Feature \/ documentary<\/h2>\n<p><img loading=\"lazy\" decoding=\"async\" class=\"alignnone size-full wp-image-8113\" src=\"https:\/\/ueff.se\/wp-content\/uploads\/2026\/04\/image-w1280jpg-14.png\" alt=\"\" width=\"980\" height=\"551\" srcset=\"https:\/\/ueff.se\/wp-content\/uploads\/2026\/04\/image-w1280jpg-14.png 980w, https:\/\/ueff.se\/wp-content\/uploads\/2026\/04\/image-w1280jpg-14-300x169.png 300w, https:\/\/ueff.se\/wp-content\/uploads\/2026\/04\/image-w1280jpg-14-768x432.png 768w, https:\/\/ueff.se\/wp-content\/uploads\/2026\/04\/image-w1280jpg-14-600x338.png 600w\" sizes=\"(max-width: 980px) 100vw, 980px\" \/><\/p>\n<p>If you would like to submit your feature film or documentary to this year\u2019s Ume\u00e5 Film Festival, please fill out the form below. Each year, we screen around 40 feature films in our Panorama, Gala, and Documentary sections. We will notify you of the outcome of your submission by the end of September. Image from Under the Volcano, which was screened during the 2025 festival.<\/p>\n<p><strong>Submissions are open through Sunday, August 23, 2026.<\/strong><\/p>\n<p><a href=\"https:\/\/ueff.se\/film-submission-2026\/\">&#8212;&#8212; Submit your film &#8212;&#8212;<\/a><\/p>","protected":false},"excerpt":{"rendered":"<p>On this page, you can submit your film to the Ume\u00e5 Film Festival 2026. We have three different categories, each with its own deadline, so please take note of this. As always, we are seeking films for our section Perspectives from the North. What\u2019s special this year is that we will be screening a short [&hellip;]<\/p>\n","protected":false},"author":11,"featured_media":0,"parent":0,"menu_order":0,"comment_status":"closed","ping_status":"closed","template":"","meta":{"_acf_changed":false,"_exactmetrics_skip_tracking":false,"_exactmetrics_sitenote_active":false,"_exactmetrics_sitenote_note":"","_exactmetrics_sitenote_category":0,"footnotes":"","_links_to":"","_links_to_target":""},"class_list":["post-6811","page","type-page","status-publish","hentry"],"acf":[],"yoast_head":"<!-- This site is optimized with the Yoast SEO plugin v25.6 - https:\/\/yoast.com\/wordpress\/plugins\/seo\/ -->\n<title>Submit your film to Ume\u00e5 Filmfestival! - Ume\u00e5 Film Festival<\/title>\n<meta name=\"robots\" content=\"index, follow, max-snippet:-1, max-image-preview:large, max-video-preview:-1\" \/>\n<link rel=\"canonical\" href=\"https:\/\/ueff.se\/en\/anmal-din-film\/\" \/>\n<meta property=\"og:locale\" content=\"en_US\" \/>\n<meta property=\"og:type\" content=\"article\" \/>\n<meta property=\"og:title\" content=\"Submit your film to Ume\u00e5 Filmfestival! - Ume\u00e5 Film Festival\" \/>\n<meta property=\"og:description\" content=\"On this page, you can submit your film to the Ume\u00e5 Film Festival 2026. We have three different categories, each with its own deadline, so please take note of this. As always, we are seeking films for our section Perspectives from the North. What\u2019s special this year is that we will be screening a short [&hellip;]\" \/>\n<meta property=\"og:url\" content=\"https:\/\/ueff.se\/anmal-din-film\/\" \/>\n<meta property=\"og:site_name\" content=\"Ume\u00e5 Film Festival\" \/>\n<meta property=\"article:modified_time\" content=\"2026-04-23T10:00:37+00:00\" \/>\n<meta property=\"og:image\" content=\"https:\/\/ueff.se\/wp-content\/uploads\/2026\/04\/screenshot-2026-04-13-at-105933-1024x574.png\" \/>\n\t<meta property=\"og:image:width\" content=\"1024\" \/>\n\t<meta property=\"og:image:height\" content=\"574\" \/>\n\t<meta property=\"og:image:type\" content=\"image\/png\" \/>\n<meta name=\"twitter:card\" content=\"summary_large_image\" \/>\n<meta name=\"twitter:label1\" content=\"Est. reading time\" \/>\n\t<meta name=\"twitter:data1\" content=\"4 minutes\" \/>\n<script type=\"application\/ld+json\" class=\"yoast-schema-graph\">{\"@context\":\"https:\/\/schema.org\",\"@graph\":[{\"@type\":\"WebPage\",\"@id\":\"https:\/\/ueff.se\/anmal-din-film\/\",\"url\":\"https:\/\/ueff.se\/anmal-din-film\/\",\"name\":\"Submit your film to Ume\u00e5 Filmfestival! - Ume\u00e5 Film Festival\",\"isPartOf\":{\"@id\":\"https:\/\/ueff.se\/#website\"},\"primaryImageOfPage\":{\"@id\":\"https:\/\/ueff.se\/anmal-din-film\/#primaryimage\"},\"image\":{\"@id\":\"https:\/\/ueff.se\/anmal-din-film\/#primaryimage\"},\"thumbnailUrl\":\"https:\/\/ueff.se\/wp-content\/uploads\/2026\/04\/screenshot-2026-04-13-at-105933-1024x574.png\",\"datePublished\":\"2025-02-04T14:06:36+00:00\",\"dateModified\":\"2026-04-23T10:00:37+00:00\",\"breadcrumb\":{\"@id\":\"https:\/\/ueff.se\/anmal-din-film\/#breadcrumb\"},\"inLanguage\":\"en-US\",\"potentialAction\":[{\"@type\":\"ReadAction\",\"target\":[\"https:\/\/ueff.se\/anmal-din-film\/\"]}]},{\"@type\":\"ImageObject\",\"inLanguage\":\"en-US\",\"@id\":\"https:\/\/ueff.se\/anmal-din-film\/#primaryimage\",\"url\":\"https:\/\/ueff.se\/wp-content\/uploads\/2026\/04\/screenshot-2026-04-13-at-105933-1024x574.png\",\"contentUrl\":\"https:\/\/ueff.se\/wp-content\/uploads\/2026\/04\/screenshot-2026-04-13-at-105933-1024x574.png\"},{\"@type\":\"BreadcrumbList\",\"@id\":\"https:\/\/ueff.se\/anmal-din-film\/#breadcrumb\",\"itemListElement\":[{\"@type\":\"ListItem\",\"position\":1,\"name\":\"Hem\",\"item\":\"https:\/\/ueff.se\/\"},{\"@type\":\"ListItem\",\"position\":2,\"name\":\"Anm\u00e4l din film\"}]},{\"@type\":\"WebSite\",\"@id\":\"https:\/\/ueff.se\/#website\",\"url\":\"https:\/\/ueff.se\/\",\"name\":\"Ume\u00e5 Film Festival\",\"description\":\"\",\"potentialAction\":[{\"@type\":\"SearchAction\",\"target\":{\"@type\":\"EntryPoint\",\"urlTemplate\":\"https:\/\/ueff.se\/?s={search_term_string}\"},\"query-input\":{\"@type\":\"PropertyValueSpecification\",\"valueRequired\":true,\"valueName\":\"search_term_string\"}}],\"inLanguage\":\"en-US\"}]}<\/script>\n<!-- \/ Yoast SEO plugin. -->","yoast_head_json":{"title":"Submit your film to Ume\u00e5 Filmfestival! - Ume\u00e5 Film Festival","robots":{"index":"index","follow":"follow","max-snippet":"max-snippet:-1","max-image-preview":"max-image-preview:large","max-video-preview":"max-video-preview:-1"},"canonical":"https:\/\/ueff.se\/en\/anmal-din-film\/","og_locale":"en_US","og_type":"article","og_title":"Submit your film to Ume\u00e5 Filmfestival! - Ume\u00e5 Film Festival","og_description":"On this page, you can submit your film to the Ume\u00e5 Film Festival 2026. We have three different categories, each with its own deadline, so please take note of this. As always, we are seeking films for our section Perspectives from the North. What\u2019s special this year is that we will be screening a short [&hellip;]","og_url":"https:\/\/ueff.se\/anmal-din-film\/","og_site_name":"Ume\u00e5 Film Festival","article_modified_time":"2026-04-23T10:00:37+00:00","og_image":[{"width":1024,"height":574,"url":"https:\/\/ueff.se\/wp-content\/uploads\/2026\/04\/screenshot-2026-04-13-at-105933-1024x574.png","type":"image\/png"}],"twitter_card":"summary_large_image","twitter_misc":{"Est. reading time":"4 minutes"},"schema":{"@context":"https:\/\/schema.org","@graph":[{"@type":"WebPage","@id":"https:\/\/ueff.se\/anmal-din-film\/","url":"https:\/\/ueff.se\/anmal-din-film\/","name":"Submit your film to Ume\u00e5 Filmfestival! - Ume\u00e5 Film Festival","isPartOf":{"@id":"https:\/\/ueff.se\/#website"},"primaryImageOfPage":{"@id":"https:\/\/ueff.se\/anmal-din-film\/#primaryimage"},"image":{"@id":"https:\/\/ueff.se\/anmal-din-film\/#primaryimage"},"thumbnailUrl":"https:\/\/ueff.se\/wp-content\/uploads\/2026\/04\/screenshot-2026-04-13-at-105933-1024x574.png","datePublished":"2025-02-04T14:06:36+00:00","dateModified":"2026-04-23T10:00:37+00:00","breadcrumb":{"@id":"https:\/\/ueff.se\/anmal-din-film\/#breadcrumb"},"inLanguage":"en-US","potentialAction":[{"@type":"ReadAction","target":["https:\/\/ueff.se\/anmal-din-film\/"]}]},{"@type":"ImageObject","inLanguage":"en-US","@id":"https:\/\/ueff.se\/anmal-din-film\/#primaryimage","url":"https:\/\/ueff.se\/wp-content\/uploads\/2026\/04\/screenshot-2026-04-13-at-105933-1024x574.png","contentUrl":"https:\/\/ueff.se\/wp-content\/uploads\/2026\/04\/screenshot-2026-04-13-at-105933-1024x574.png"},{"@type":"BreadcrumbList","@id":"https:\/\/ueff.se\/anmal-din-film\/#breadcrumb","itemListElement":[{"@type":"ListItem","position":1,"name":"Hem","item":"https:\/\/ueff.se\/"},{"@type":"ListItem","position":2,"name":"Anm\u00e4l din film"}]},{"@type":"WebSite","@id":"https:\/\/ueff.se\/#website","url":"https:\/\/ueff.se\/","name":"Ume\u00e5 Film Festival","description":"","potentialAction":[{"@type":"SearchAction","target":{"@type":"EntryPoint","urlTemplate":"https:\/\/ueff.se\/?s={search_term_string}"},"query-input":{"@type":"PropertyValueSpecification","valueRequired":true,"valueName":"search_term_string"}}],"inLanguage":"en-US"}]}},"_links":{"self":[{"href":"https:\/\/ueff.se\/en\/wp-json\/wp\/v2\/pages\/6811"}],"collection":[{"href":"https:\/\/ueff.se\/en\/wp-json\/wp\/v2\/pages"}],"about":[{"href":"https:\/\/ueff.se\/en\/wp-json\/wp\/v2\/types\/page"}],"author":[{"embeddable":true,"href":"https:\/\/ueff.se\/en\/wp-json\/wp\/v2\/users\/11"}],"replies":[{"embeddable":true,"href":"https:\/\/ueff.se\/en\/wp-json\/wp\/v2\/comments?post=6811"}],"version-history":[{"count":57,"href":"https:\/\/ueff.se\/en\/wp-json\/wp\/v2\/pages\/6811\/revisions"}],"predecessor-version":[{"id":8138,"href":"https:\/\/ueff.se\/en\/wp-json\/wp\/v2\/pages\/6811\/revisions\/8138"}],"wp:attachment":[{"href":"https:\/\/ueff.se\/en\/wp-json\/wp\/v2\/media?parent=6811"}],"curies":[{"name":"wp","href":"https:\/\/api.w.org\/{rel}","templated":true}]}}