{"id":7875,"date":"2025-11-11T11:27:07","date_gmt":"2025-11-11T10:27:07","guid":{"rendered":"https:\/\/ueff.se\/?page_id=7875"},"modified":"2025-11-25T17:24:10","modified_gmt":"2025-11-25T16:24:10","slug":"mat","status":"publish","type":"page","link":"https:\/\/ueff.se\/en\/mat\/","title":{"rendered":"VOUCHER"},"content":{"rendered":"<p><\/p>\n<p data-start=\"0\" data-end=\"254\"><strong>Here you\u2019ll find a list of the restaurants we collaborate with, where you can redeem your meal voucher. Each restaurant has its own offer, ask on site if you\u2019re unsure whats included in the deal. The voucher can only be used during the festival week (25\u201330 November 2025).<\/strong><\/p>\n<h4>Kajen<\/h4>\n<p><strong>V\u00e4ven, entr\u00e9 V\u00e4stra Strandgatan (plan 1)<br \/>\n<\/strong><a href=\"https:\/\/kajenumea.se\/\">Website\/ menu<\/a><\/p>\n<h3 data-start=\"256\" data-end=\"377\"><strong data-start=\"256\" data-end=\"274\">Kulturbageriet<\/strong><\/h3>\n<p data-start=\"256\" data-end=\"377\">V\u00e4ven, Storgatan entrance (level 1)<br data-start=\"312\" data-end=\"315\" \/>15% off the entire menu upon showing your accreditation badge. The voucher can be used for a meal at the price of 139 kronor.<\/p>\n<h3 data-start=\"379\" data-end=\"711\"><strong data-start=\"379\" data-end=\"387\">Rost<\/strong><\/h3>\n<p data-start=\"379\" data-end=\"711\">Skolgatan 49, Ume\u00e5<br data-start=\"408\" data-end=\"411\" \/>Sustainable, vegetarian, and heartfelt. Your local oasis for food and connection, from morning to evening.<br data-start=\"517\" data-end=\"520\" \/>The meal voucher can be used for any salad, the soup\/meal of the day, or a grilled sandwich when available: Mon\u2013Tue 10\u201319, Wed\u2013Fri 10\u201321, Sat 11\u201321.<br data-start=\"672\" data-end=\"675\" \/><a href=\"https:\/\/rost.nu\/\">You\u2019ll find their website\/menu here!<\/a><\/p>\n<h3 data-start=\"713\" data-end=\"947\"><strong data-start=\"713\" data-end=\"729\">Taps &amp; Tacos<\/strong><\/h3>\n<p data-start=\"713\" data-end=\"947\">Storgatan 36E, Ume\u00e5<br \/>\nThe voucher can be used for a meal at the price of 139 kronor.\u00a0<br data-start=\"751\" data-end=\"754\" \/>Festival menu: Three tacos for 139 SEK (vegetarian option available).<br data-start=\"823\" data-end=\"826\" \/>Psst. During festival week, the restaurant also offers a festival beer for 89 SEK.<br data-start=\"908\" data-end=\"911\" \/><a href=\"https:\/\/taps-tacos.ourmenu.com\/\">You\u2019ll find their website\/menu here!<\/a><\/p>\n<h3 data-start=\"949\" data-end=\"1030\"><strong data-start=\"949\" data-end=\"970\">Tonka Bistro Caf\u00e9<\/strong><\/h3>\n<p data-start=\"949\" data-end=\"1030\" data-is-last-node=\"\" data-is-only-node=\"\">Storgatan 51, Ume\u00e5<br \/>\nThe voucher can be used for a meal at the price of 139 kronor.\u00a0<br data-start=\"991\" data-end=\"994\" \/><a href=\"https:\/\/tonkaumea.se\/\">You\u2019ll find their website\/menu here!<\/a><\/p>\n<p><\/p>","protected":false},"excerpt":{"rendered":"<p>Here you\u2019ll find a list of the restaurants we collaborate with, where you can redeem your meal voucher. Each restaurant has its own offer, ask on site if you\u2019re unsure whats included in the deal. The voucher can only be used during the festival week (25\u201330 November 2025). Kajen V\u00e4ven, entr\u00e9 V\u00e4stra Strandgatan (plan 1) [&hellip;]<\/p>\n","protected":false},"author":9,"featured_media":0,"parent":0,"menu_order":0,"comment_status":"closed","ping_status":"closed","template":"","meta":{"_acf_changed":false,"_exactmetrics_skip_tracking":false,"_exactmetrics_sitenote_active":false,"_exactmetrics_sitenote_note":"","_exactmetrics_sitenote_category":0,"footnotes":"","_links_to":"","_links_to_target":""},"class_list":["post-7875","page","type-page","status-publish","hentry"],"acf":[],"yoast_head":"<!-- This site is optimized with the Yoast SEO plugin v25.6 - https:\/\/yoast.com\/wordpress\/plugins\/seo\/ -->\n<title>VOUCHER - Ume\u00e5 Film Festival<\/title>\n<meta name=\"robots\" content=\"index, follow, max-snippet:-1, max-image-preview:large, max-video-preview:-1\" \/>\n<link rel=\"canonical\" href=\"https:\/\/ueff.se\/en\/mat\/\" \/>\n<meta property=\"og:locale\" content=\"en_US\" \/>\n<meta property=\"og:type\" content=\"article\" \/>\n<meta property=\"og:title\" content=\"VOUCHER - Ume\u00e5 Film Festival\" \/>\n<meta property=\"og:description\" content=\"Here you\u2019ll find a list of the restaurants we collaborate with, where you can redeem your meal voucher. Each restaurant has its own offer, ask on site if you\u2019re unsure whats included in the deal. The voucher can only be used during the festival week (25\u201330 November 2025). Kajen V\u00e4ven, entr\u00e9 V\u00e4stra Strandgatan (plan 1) [&hellip;]\" \/>\n<meta property=\"og:url\" content=\"https:\/\/ueff.se\/mat\/\" \/>\n<meta property=\"og:site_name\" content=\"Ume\u00e5 Film Festival\" \/>\n<meta property=\"article:modified_time\" content=\"2025-11-25T16:24:10+00:00\" \/>\n<meta property=\"og:image\" content=\"https:\/\/ueff.se\/wp-content\/uploads\/2021\/02\/visning-ueff-1.jpg\" \/>\n\t<meta property=\"og:image:width\" content=\"1240\" \/>\n\t<meta property=\"og:image:height\" content=\"827\" \/>\n\t<meta property=\"og:image:type\" content=\"image\/jpeg\" \/>\n<meta name=\"twitter:card\" content=\"summary_large_image\" \/>\n<meta name=\"twitter:label1\" content=\"Est. reading time\" \/>\n\t<meta name=\"twitter:data1\" content=\"2 minutes\" \/>\n<script type=\"application\/ld+json\" class=\"yoast-schema-graph\">{\"@context\":\"https:\/\/schema.org\",\"@graph\":[{\"@type\":\"WebPage\",\"@id\":\"https:\/\/ueff.se\/mat\/\",\"url\":\"https:\/\/ueff.se\/mat\/\",\"name\":\"VOUCHER - Ume\u00e5 Film Festival\",\"isPartOf\":{\"@id\":\"https:\/\/ueff.se\/#website\"},\"datePublished\":\"2025-11-11T10:27:07+00:00\",\"dateModified\":\"2025-11-25T16:24:10+00:00\",\"breadcrumb\":{\"@id\":\"https:\/\/ueff.se\/mat\/#breadcrumb\"},\"inLanguage\":\"en-US\",\"potentialAction\":[{\"@type\":\"ReadAction\",\"target\":[\"https:\/\/ueff.se\/mat\/\"]}]},{\"@type\":\"BreadcrumbList\",\"@id\":\"https:\/\/ueff.se\/mat\/#breadcrumb\",\"itemListElement\":[{\"@type\":\"ListItem\",\"position\":1,\"name\":\"Hem\",\"item\":\"https:\/\/ueff.se\/\"},{\"@type\":\"ListItem\",\"position\":2,\"name\":\"Matkupong\"}]},{\"@type\":\"WebSite\",\"@id\":\"https:\/\/ueff.se\/#website\",\"url\":\"https:\/\/ueff.se\/\",\"name\":\"Ume\u00e5 Film Festival\",\"description\":\"\",\"potentialAction\":[{\"@type\":\"SearchAction\",\"target\":{\"@type\":\"EntryPoint\",\"urlTemplate\":\"https:\/\/ueff.se\/?s={search_term_string}\"},\"query-input\":{\"@type\":\"PropertyValueSpecification\",\"valueRequired\":true,\"valueName\":\"search_term_string\"}}],\"inLanguage\":\"en-US\"}]}<\/script>\n<!-- \/ Yoast SEO plugin. -->","yoast_head_json":{"title":"VOUCHER - Ume\u00e5 Film Festival","robots":{"index":"index","follow":"follow","max-snippet":"max-snippet:-1","max-image-preview":"max-image-preview:large","max-video-preview":"max-video-preview:-1"},"canonical":"https:\/\/ueff.se\/en\/mat\/","og_locale":"en_US","og_type":"article","og_title":"VOUCHER - Ume\u00e5 Film Festival","og_description":"Here you\u2019ll find a list of the restaurants we collaborate with, where you can redeem your meal voucher. Each restaurant has its own offer, ask on site if you\u2019re unsure whats included in the deal. The voucher can only be used during the festival week (25\u201330 November 2025). Kajen V\u00e4ven, entr\u00e9 V\u00e4stra Strandgatan (plan 1) [&hellip;]","og_url":"https:\/\/ueff.se\/mat\/","og_site_name":"Ume\u00e5 Film Festival","article_modified_time":"2025-11-25T16:24:10+00:00","og_image":[{"width":1240,"height":827,"url":"https:\/\/ueff.se\/wp-content\/uploads\/2021\/02\/visning-ueff-1.jpg","type":"image\/jpeg"}],"twitter_card":"summary_large_image","twitter_misc":{"Est. reading time":"2 minutes"},"schema":{"@context":"https:\/\/schema.org","@graph":[{"@type":"WebPage","@id":"https:\/\/ueff.se\/mat\/","url":"https:\/\/ueff.se\/mat\/","name":"VOUCHER - Ume\u00e5 Film Festival","isPartOf":{"@id":"https:\/\/ueff.se\/#website"},"datePublished":"2025-11-11T10:27:07+00:00","dateModified":"2025-11-25T16:24:10+00:00","breadcrumb":{"@id":"https:\/\/ueff.se\/mat\/#breadcrumb"},"inLanguage":"en-US","potentialAction":[{"@type":"ReadAction","target":["https:\/\/ueff.se\/mat\/"]}]},{"@type":"BreadcrumbList","@id":"https:\/\/ueff.se\/mat\/#breadcrumb","itemListElement":[{"@type":"ListItem","position":1,"name":"Hem","item":"https:\/\/ueff.se\/"},{"@type":"ListItem","position":2,"name":"Matkupong"}]},{"@type":"WebSite","@id":"https:\/\/ueff.se\/#website","url":"https:\/\/ueff.se\/","name":"Ume\u00e5 Film Festival","description":"","potentialAction":[{"@type":"SearchAction","target":{"@type":"EntryPoint","urlTemplate":"https:\/\/ueff.se\/?s={search_term_string}"},"query-input":{"@type":"PropertyValueSpecification","valueRequired":true,"valueName":"search_term_string"}}],"inLanguage":"en-US"}]}},"_links":{"self":[{"href":"https:\/\/ueff.se\/en\/wp-json\/wp\/v2\/pages\/7875"}],"collection":[{"href":"https:\/\/ueff.se\/en\/wp-json\/wp\/v2\/pages"}],"about":[{"href":"https:\/\/ueff.se\/en\/wp-json\/wp\/v2\/types\/page"}],"author":[{"embeddable":true,"href":"https:\/\/ueff.se\/en\/wp-json\/wp\/v2\/users\/9"}],"replies":[{"embeddable":true,"href":"https:\/\/ueff.se\/en\/wp-json\/wp\/v2\/comments?post=7875"}],"version-history":[{"count":15,"href":"https:\/\/ueff.se\/en\/wp-json\/wp\/v2\/pages\/7875\/revisions"}],"predecessor-version":[{"id":7933,"href":"https:\/\/ueff.se\/en\/wp-json\/wp\/v2\/pages\/7875\/revisions\/7933"}],"wp:attachment":[{"href":"https:\/\/ueff.se\/en\/wp-json\/wp\/v2\/media?parent=7875"}],"curies":[{"name":"wp","href":"https:\/\/api.w.org\/{rel}","templated":true}]}}