{"id":7925,"date":"2025-11-21T13:17:42","date_gmt":"2025-11-21T12:17:42","guid":{"rendered":"https:\/\/ueff.se\/?page_id=7925"},"modified":"2025-11-21T21:42:26","modified_gmt":"2025-11-21T20:42:26","slug":"valkommen-till-umea-filmfestival","status":"publish","type":"page","link":"https:\/\/ueff.se\/en\/valkommen-till-umea-filmfestival\/","title":{"rendered":"Welcome to Ume\u00e5 Filmfestival"},"content":{"rendered":"<p><\/p>\n<p data-start=\"79\" data-end=\"331\"><strong data-start=\"79\" data-end=\"331\">Welcome to Ume\u00e5 Filmfestival! The festival is taking place between November 25\u201330, 2025 on several sites in Ume\u00e5. Below you&#8217;ll find information about the festival week, such as when \/ where you can pick up free tickets with your accreditation badge, where to use your voucher and so on.\u00a0\u00a0<\/strong><\/p>\n<p data-start=\"333\" data-end=\"743\"><strong data-start=\"333\" data-end=\"352\">Film Screenings<\/strong><br data-start=\"352\" data-end=\"355\" \/>As an accredited guest, you have access to all film screenings subject to availability. You collect your tickets at any of our cashiers \/ box offices. You may only collect tickets for screenings on the same day they take place, and you may collect a maximum of one ticket per screening. When entering the cinema, you must always show your accreditation to the volunteer checking your ticket.<\/p>\n<p data-start=\"745\" data-end=\"1026\">Please not that: Accreditation does <strong data-start=\"764\" data-end=\"771\">not<\/strong> apply to the live concert <em data-start=\"798\" data-end=\"818\">Eraserhead XIu Xiu<\/em> on November 29. However, you may collect a ticket for the 23:15 film screening. Tickets for the concert are purchased via Ticktser. Accreditation is also <strong data-start=\"973\" data-end=\"980\">not<\/strong> valid for Dinner and Movie at Gotthards Krog.<\/p>\n<p><strong>Voucher<br \/>\n<\/strong>Check out where <a href=\"https:\/\/ueff.se\/en\/mat\/\">to use your voucher here<\/a>! We collaborate with different restaurants which all offer different meals and deals.<\/p>\n<p data-start=\"1028\" data-end=\"1115\">If you have any questions or concerns, feel free to contact us at <strong data-start=\"1094\" data-end=\"1114\"><a class=\"decorated-link cursor-pointer\" rel=\"noopener\" data-start=\"1096\" data-end=\"1112\">industry@ueff.se<\/a><\/strong><\/p>\n<p><\/p>","protected":false},"excerpt":{"rendered":"<p>Welcome to Ume\u00e5 Filmfestival! The festival is taking place between November 25\u201330, 2025 on several sites in Ume\u00e5. Below you&#8217;ll find information about the festival week, such as when \/ where you can pick up free tickets with your accreditation badge, where to use your voucher and so on.\u00a0\u00a0 Film ScreeningsAs an accredited guest, you [&hellip;]<\/p>\n","protected":false},"author":11,"featured_media":0,"parent":0,"menu_order":0,"comment_status":"closed","ping_status":"closed","template":"","meta":{"_acf_changed":false,"_exactmetrics_skip_tracking":false,"_exactmetrics_sitenote_active":false,"_exactmetrics_sitenote_note":"","_exactmetrics_sitenote_category":0,"footnotes":"","_links_to":"","_links_to_target":""},"class_list":["post-7925","page","type-page","status-publish","hentry"],"acf":[],"yoast_head":"<!-- This site is optimized with the Yoast SEO plugin v25.6 - https:\/\/yoast.com\/wordpress\/plugins\/seo\/ -->\n<title>Welcome to Ume\u00e5 Filmfestival - Ume\u00e5 Film Festival<\/title>\n<meta name=\"robots\" content=\"index, follow, max-snippet:-1, max-image-preview:large, max-video-preview:-1\" \/>\n<link rel=\"canonical\" href=\"https:\/\/ueff.se\/en\/valkommen-till-umea-filmfestival\/\" \/>\n<meta property=\"og:locale\" content=\"en_US\" \/>\n<meta property=\"og:type\" content=\"article\" \/>\n<meta property=\"og:title\" content=\"Welcome to Ume\u00e5 Filmfestival - Ume\u00e5 Film Festival\" \/>\n<meta property=\"og:description\" content=\"Welcome to Ume\u00e5 Filmfestival! The festival is taking place between November 25\u201330, 2025 on several sites in Ume\u00e5. Below you&#8217;ll find information about the festival week, such as when \/ where you can pick up free tickets with your accreditation badge, where to use your voucher and so on.\u00a0\u00a0 Film ScreeningsAs an accredited guest, you [&hellip;]\" \/>\n<meta property=\"og:url\" content=\"https:\/\/ueff.se\/valkommen-till-umea-filmfestival\/\" \/>\n<meta property=\"og:site_name\" content=\"Ume\u00e5 Film Festival\" \/>\n<meta property=\"article:modified_time\" content=\"2025-11-21T20:42:26+00:00\" \/>\n<meta property=\"og:image\" content=\"https:\/\/ueff.se\/wp-content\/uploads\/2021\/02\/visning-ueff-1.jpg\" \/>\n\t<meta property=\"og:image:width\" content=\"1240\" \/>\n\t<meta property=\"og:image:height\" content=\"827\" \/>\n\t<meta property=\"og:image:type\" content=\"image\/jpeg\" \/>\n<meta name=\"twitter:card\" content=\"summary_large_image\" \/>\n<meta name=\"twitter:label1\" content=\"Est. reading time\" \/>\n\t<meta name=\"twitter:data1\" content=\"1 minute\" \/>\n<script type=\"application\/ld+json\" class=\"yoast-schema-graph\">{\"@context\":\"https:\/\/schema.org\",\"@graph\":[{\"@type\":\"WebPage\",\"@id\":\"https:\/\/ueff.se\/valkommen-till-umea-filmfestival\/\",\"url\":\"https:\/\/ueff.se\/valkommen-till-umea-filmfestival\/\",\"name\":\"Welcome to Ume\u00e5 Filmfestival - Ume\u00e5 Film Festival\",\"isPartOf\":{\"@id\":\"https:\/\/ueff.se\/#website\"},\"datePublished\":\"2025-11-21T12:17:42+00:00\",\"dateModified\":\"2025-11-21T20:42:26+00:00\",\"breadcrumb\":{\"@id\":\"https:\/\/ueff.se\/valkommen-till-umea-filmfestival\/#breadcrumb\"},\"inLanguage\":\"en-US\",\"potentialAction\":[{\"@type\":\"ReadAction\",\"target\":[\"https:\/\/ueff.se\/valkommen-till-umea-filmfestival\/\"]}]},{\"@type\":\"BreadcrumbList\",\"@id\":\"https:\/\/ueff.se\/valkommen-till-umea-filmfestival\/#breadcrumb\",\"itemListElement\":[{\"@type\":\"ListItem\",\"position\":1,\"name\":\"Hem\",\"item\":\"https:\/\/ueff.se\/\"},{\"@type\":\"ListItem\",\"position\":2,\"name\":\"V\u00e4lkommen till Ume\u00e5 Filmfestival\"}]},{\"@type\":\"WebSite\",\"@id\":\"https:\/\/ueff.se\/#website\",\"url\":\"https:\/\/ueff.se\/\",\"name\":\"Ume\u00e5 Film Festival\",\"description\":\"\",\"potentialAction\":[{\"@type\":\"SearchAction\",\"target\":{\"@type\":\"EntryPoint\",\"urlTemplate\":\"https:\/\/ueff.se\/?s={search_term_string}\"},\"query-input\":{\"@type\":\"PropertyValueSpecification\",\"valueRequired\":true,\"valueName\":\"search_term_string\"}}],\"inLanguage\":\"en-US\"}]}<\/script>\n<!-- \/ Yoast SEO plugin. -->","yoast_head_json":{"title":"Welcome to Ume\u00e5 Filmfestival - Ume\u00e5 Film Festival","robots":{"index":"index","follow":"follow","max-snippet":"max-snippet:-1","max-image-preview":"max-image-preview:large","max-video-preview":"max-video-preview:-1"},"canonical":"https:\/\/ueff.se\/en\/valkommen-till-umea-filmfestival\/","og_locale":"en_US","og_type":"article","og_title":"Welcome to Ume\u00e5 Filmfestival - Ume\u00e5 Film Festival","og_description":"Welcome to Ume\u00e5 Filmfestival! The festival is taking place between November 25\u201330, 2025 on several sites in Ume\u00e5. Below you&#8217;ll find information about the festival week, such as when \/ where you can pick up free tickets with your accreditation badge, where to use your voucher and so on.\u00a0\u00a0 Film ScreeningsAs an accredited guest, you [&hellip;]","og_url":"https:\/\/ueff.se\/valkommen-till-umea-filmfestival\/","og_site_name":"Ume\u00e5 Film Festival","article_modified_time":"2025-11-21T20:42:26+00:00","og_image":[{"width":1240,"height":827,"url":"https:\/\/ueff.se\/wp-content\/uploads\/2021\/02\/visning-ueff-1.jpg","type":"image\/jpeg"}],"twitter_card":"summary_large_image","twitter_misc":{"Est. reading time":"1 minute"},"schema":{"@context":"https:\/\/schema.org","@graph":[{"@type":"WebPage","@id":"https:\/\/ueff.se\/valkommen-till-umea-filmfestival\/","url":"https:\/\/ueff.se\/valkommen-till-umea-filmfestival\/","name":"Welcome to Ume\u00e5 Filmfestival - Ume\u00e5 Film Festival","isPartOf":{"@id":"https:\/\/ueff.se\/#website"},"datePublished":"2025-11-21T12:17:42+00:00","dateModified":"2025-11-21T20:42:26+00:00","breadcrumb":{"@id":"https:\/\/ueff.se\/valkommen-till-umea-filmfestival\/#breadcrumb"},"inLanguage":"en-US","potentialAction":[{"@type":"ReadAction","target":["https:\/\/ueff.se\/valkommen-till-umea-filmfestival\/"]}]},{"@type":"BreadcrumbList","@id":"https:\/\/ueff.se\/valkommen-till-umea-filmfestival\/#breadcrumb","itemListElement":[{"@type":"ListItem","position":1,"name":"Hem","item":"https:\/\/ueff.se\/"},{"@type":"ListItem","position":2,"name":"V\u00e4lkommen till Ume\u00e5 Filmfestival"}]},{"@type":"WebSite","@id":"https:\/\/ueff.se\/#website","url":"https:\/\/ueff.se\/","name":"Ume\u00e5 Film Festival","description":"","potentialAction":[{"@type":"SearchAction","target":{"@type":"EntryPoint","urlTemplate":"https:\/\/ueff.se\/?s={search_term_string}"},"query-input":{"@type":"PropertyValueSpecification","valueRequired":true,"valueName":"search_term_string"}}],"inLanguage":"en-US"}]}},"_links":{"self":[{"href":"https:\/\/ueff.se\/en\/wp-json\/wp\/v2\/pages\/7925"}],"collection":[{"href":"https:\/\/ueff.se\/en\/wp-json\/wp\/v2\/pages"}],"about":[{"href":"https:\/\/ueff.se\/en\/wp-json\/wp\/v2\/types\/page"}],"author":[{"embeddable":true,"href":"https:\/\/ueff.se\/en\/wp-json\/wp\/v2\/users\/11"}],"replies":[{"embeddable":true,"href":"https:\/\/ueff.se\/en\/wp-json\/wp\/v2\/comments?post=7925"}],"version-history":[{"count":4,"href":"https:\/\/ueff.se\/en\/wp-json\/wp\/v2\/pages\/7925\/revisions"}],"predecessor-version":[{"id":7930,"href":"https:\/\/ueff.se\/en\/wp-json\/wp\/v2\/pages\/7925\/revisions\/7930"}],"wp:attachment":[{"href":"https:\/\/ueff.se\/en\/wp-json\/wp\/v2\/media?parent=7925"}],"curies":[{"name":"wp","href":"https:\/\/api.w.org\/{rel}","templated":true}]}}